{"id":11,"date":"2019-12-17T10:58:32","date_gmt":"2019-12-17T09:58:32","guid":{"rendered":"http:\/\/majadzieciom.pl\/?page_id=11"},"modified":"2020-09-19T22:18:48","modified_gmt":"2020-09-19T20:18:48","slug":"hipoterapia","status":"publish","type":"page","link":"http:\/\/majadzieciom.pl\/?page_id=11","title":{"rendered":"HIPOTERAPIA"},"content":{"rendered":"\n<p><span style=\"color:#000000\" class=\"has-inline-color\">Hipoterapia jest ukierunkowanym dzia\u0142aniem terapeutycznym, kt\u00f3re ma s\u0142u\u017cy\u0107 poprawie funkcjonowania cz\u0142owieku w najwa\u017cniejszych sferach: fizycznej, emocjonalnej, poznawczej i\/lub spo\u0142ecznej. Integraln\u0105 cz\u0119\u015b\u0107 procesu terapeutycznego stanowi specjalne do tego celu przygotowany ko\u0144. Hipoterapia realizowana jest przez wykwalifikowanego hipoterapeut\u0119 zgodnie z zaleceniami lekarza kieruj\u0105cego na hipoterapi\u0119 oraz we wsp\u00f3\u0142pracy z innymi specjalistami prowadz\u0105cymi danego pacjenta.  <\/span><\/p>\n\n\n\n<p>Wa\u017cne<\/p>\n\n\n\n<div class=\"wp-block-group\" id=\"xzzx\"><div class=\"wp-block-group__inner-container\"><\/div><\/div>\n\n\n\n<p>Hipoterapia jest metod\u0105 wspomagaj\u0105c\u0105 i uzupe\u0142niaj\u0105c\u0105 g\u0142\u00f3wne metody terapeutyczne, dlatego wa\u017cne jest aby hipoterapeuci byli specjalistami z zakresu rehabilitacji, logopedii, pedagogiki specjalnej, psychologii, za\u015b dzieci z konkretnymi zaburzeniami trafia\u0142y w\u0142a\u015bnie do odpowiednich hipoterapeut\u00f3w. W ten spos\u00f3b rozumiana hipoterapia jak najbardziej w\u0142\u0105cza si\u0119 w kompleksow\u0105 rehabilitacj\u0119 gwarantuj\u0105c wsp\u00f3lny front dla wszelkich dzia\u0142a\u0144 terapeutycznych.<\/p>\n\n\n\n<p>Hipoterapia jako forma wieloprofilowej rehabilitacji os\u00f3b niepe\u0142nosprawnych swoj\u0105 specyfik\u0119 zawdzi\u0119cza obecno\u015bci konia jako wsp\u00f3\u0142terapeuty i wykorzystaniu jego wielop\u0142aszczyznowego oddzia\u0142ywania na pacjenta. <\/p>\n\n\n\n<p class=\"has-text-align-center has-medium-font-size\">KORZY\u015aCI P\u0141YN\u0104CE Z HIPOTERAPII<\/p>\n\n\n\n<div class=\"wp-block-columns\">\n<div class=\"wp-block-column\">\n<div class=\"wp-block-columns\">\n<div class=\"wp-block-column\">\n<figure class=\"wp-block-image size-large\"><img loading=\"lazy\" width=\"200\" height=\"200\" src=\"http:\/\/majadzieciom.pl\/wp-content\/uploads\/2020\/05\/6.png\" alt=\"\" class=\"wp-image-255\" srcset=\"http:\/\/majadzieciom.pl\/wp-content\/uploads\/2020\/05\/6.png 200w, http:\/\/majadzieciom.pl\/wp-content\/uploads\/2020\/05\/6-150x150.png 150w\" sizes=\"(max-width: 200px) 100vw, 200px\" \/><figcaption><strong>SFERA <\/strong><br><strong>FIZYCZNA<\/strong> <br><br>Podnoszenie og\u00f3lnej sprawno\u015bci, normalizacja napi\u0119cia mi\u0119\u015bniowego; torowanie prawid\u0142owego wzorca chodu; poprawa koordynacyjnych zdolno\u015bci motorycznych, g\u0142\u00f3wnie r\u00f3wnowagi i poczucia rytmu; poprawa orientacji w przestrzeni i schemacie w\u0142asnego cia\u0142a; stymulacja i normalizacja czucia g\u0142\u0119bokiego i powierzchniowego.<\/figcaption><\/figure>\n<\/div>\n\n\n\n<div class=\"wp-block-column\">\n<figure class=\"wp-block-image size-large\"><img loading=\"lazy\" width=\"200\" height=\"200\" src=\"http:\/\/majadzieciom.pl\/wp-content\/uploads\/2020\/05\/5.png\" alt=\"\" class=\"wp-image-254\" srcset=\"http:\/\/majadzieciom.pl\/wp-content\/uploads\/2020\/05\/5.png 200w, http:\/\/majadzieciom.pl\/wp-content\/uploads\/2020\/05\/5-150x150.png 150w\" sizes=\"(max-width: 200px) 100vw, 200px\" \/><figcaption><strong>SFERA<\/strong><br><strong>POZNAWCZA<\/strong><br><br> Stymulacja odbioru wra\u017ce\u0144 zmys\u0142owych; poprawa percepcji wzrokowej i s\u0142uchowej; stymulacja uwagi, pami\u0119ci, my\u015blenia, mowy; nabywanie i rozwijanie nowych umiej\u0119tno\u015bci.<\/figcaption><\/figure>\n<\/div>\n<\/div>\n<\/div>\n\n\n\n<div class=\"wp-block-column\">\n<div class=\"wp-block-columns\">\n<div class=\"wp-block-column\">\n<figure class=\"wp-block-image size-large\"><img loading=\"lazy\" width=\"200\" height=\"200\" src=\"http:\/\/majadzieciom.pl\/wp-content\/uploads\/2020\/05\/8.png\" alt=\"\" class=\"wp-image-257\" srcset=\"http:\/\/majadzieciom.pl\/wp-content\/uploads\/2020\/05\/8.png 200w, http:\/\/majadzieciom.pl\/wp-content\/uploads\/2020\/05\/8-150x150.png 150w\" sizes=\"(max-width: 200px) 100vw, 200px\" \/><figcaption><strong>SFERA EMOCJONALNO-MOTYWACYJNA <br><\/strong><br>Wzrost motywacji i akceptacji procesu terapeutycznego; zwi\u0119kszenie poczucia w\u0142asnej warto\u015bci; zmniejszenie zaburze\u0144 emocjonalnych.<\/figcaption><\/figure>\n<\/div>\n\n\n\n<div class=\"wp-block-column\">\n<figure class=\"wp-block-image size-large\"><img loading=\"lazy\" width=\"200\" height=\"200\" src=\"http:\/\/majadzieciom.pl\/wp-content\/uploads\/2020\/05\/7.png\" alt=\"\" class=\"wp-image-256\" srcset=\"http:\/\/majadzieciom.pl\/wp-content\/uploads\/2020\/05\/7.png 200w, http:\/\/majadzieciom.pl\/wp-content\/uploads\/2020\/05\/7-150x150.png 150w\" sizes=\"(max-width: 200px) 100vw, 200px\" \/><figcaption><strong>SFERA<\/strong><br><strong>SPO\u0141ECZNA<\/strong><br><br>Aktywizacja psychospo\u0142eczna; rozwijanie pozytywnych relacji spo\u0142ecznych.<\/figcaption><\/figure>\n<\/div>\n<\/div>\n<\/div>\n<\/div>\n\n\n\n<p class=\"has-text-align-center has-medium-font-size\"><strong>FORMY HIPOTERAPII<\/strong><\/p>\n\n\n\n<div class=\"wp-block-columns\">\n<div class=\"wp-block-column\">\n<div class=\"wp-block-columns\">\n<div class=\"wp-block-column\">\n<figure class=\"wp-block-image size-large\"><img loading=\"lazy\" width=\"200\" height=\"200\" src=\"http:\/\/majadzieciom.pl\/wp-content\/uploads\/2020\/05\/9.png\" alt=\"\" class=\"wp-image-258\" srcset=\"http:\/\/majadzieciom.pl\/wp-content\/uploads\/2020\/05\/9.png 200w, http:\/\/majadzieciom.pl\/wp-content\/uploads\/2020\/05\/9-150x150.png 150w\" sizes=\"(max-width: 200px) 100vw, 200px\" \/><figcaption><strong>FIZJOTERAPIA <br>NA KONIU<\/strong> <br><br>Gimnastyka lecznicza na koniu poruszaj\u0105cym si\u0119 st\u0119pem, maj\u0105ca na celu usprawnienie ruchowe; prowadzona przez fizjoterapeut\u0119 lub pod jego kierunkiem.<\/figcaption><\/figure>\n\n\n\n<p><\/p>\n<\/div>\n\n\n\n<div class=\"wp-block-column\">\n<figure class=\"wp-block-image size-large\"><img loading=\"lazy\" width=\"200\" height=\"200\" src=\"http:\/\/majadzieciom.pl\/wp-content\/uploads\/2020\/05\/11.png\" alt=\"\" class=\"wp-image-260\" srcset=\"http:\/\/majadzieciom.pl\/wp-content\/uploads\/2020\/05\/11.png 200w, http:\/\/majadzieciom.pl\/wp-content\/uploads\/2020\/05\/11-150x150.png 150w\" sizes=\"(max-width: 200px) 100vw, 200px\" \/><figcaption><strong>PSYCHOPEDAGOGICZNA JAZDA KONNA I WOLTY\u017bERKA<\/strong><br><br>Zesp\u00f3\u0142 dzia\u0142a\u0144 je\u017adzieckich, pedagogicznych i psychologicznych podejmowanych w celu usprawnienia intelektualnego, poznawczego, emocjonalnego i fizycznego; prowadzona przez psychologa, pedagoga, terapeut\u0119 zaj\u0119ciowego lub pod ich kierunkiem.<\/figcaption><\/figure>\n<\/div>\n<\/div>\n<\/div>\n\n\n\n<div class=\"wp-block-column\">\n<div class=\"wp-block-columns\">\n<div class=\"wp-block-column\">\n<figure class=\"wp-block-image size-large\"><img loading=\"lazy\" width=\"200\" height=\"200\" src=\"http:\/\/majadzieciom.pl\/wp-content\/uploads\/2020\/05\/10.png\" alt=\"\" class=\"wp-image-259\" srcset=\"http:\/\/majadzieciom.pl\/wp-content\/uploads\/2020\/05\/10.png 200w, http:\/\/majadzieciom.pl\/wp-content\/uploads\/2020\/05\/10-150x150.png 150w\" sizes=\"(max-width: 200px) 100vw, 200px\" \/><figcaption><strong>TERAPIA KONTAKTEM <\/strong><br><strong>Z KONIEM<\/strong><br><br>Celem terapii jest nawi\u0105zanie kontaktu pacjenta ze zwierz\u0119ciem, z otaczaj\u0105cym \u015brodowiskiem, wreszcie z innymi lud\u017ami, jej istot\u0105 jest kontakt pacjenta z koniem, stworzenie sytuacji terapeutycznej, a nie samo dosiadanie konia; prowadzona przez psychologa, pedagoga, lekarza psychiatr\u0119 lub pod ich kierunkiem.<\/figcaption><\/figure>\n<\/div>\n\n\n\n<div class=\"wp-block-column\">\n<figure class=\"wp-block-image size-large\"><img loading=\"lazy\" width=\"200\" height=\"200\" src=\"http:\/\/majadzieciom.pl\/wp-content\/uploads\/2020\/05\/12.png\" alt=\"\" class=\"wp-image-261\" srcset=\"http:\/\/majadzieciom.pl\/wp-content\/uploads\/2020\/05\/12.png 200w, http:\/\/majadzieciom.pl\/wp-content\/uploads\/2020\/05\/12-150x150.png 150w\" sizes=\"(max-width: 200px) 100vw, 200px\" \/><figcaption><strong>JAZDA KONNA DLA OS\u00d3B NIEPE\u0141NOSPRAWNYCH<\/strong><br><br>Nie stanowi cz\u0119\u015bci hipoterapii, ale jest z ni\u0105 \u015bci\u015ble zwi\u0105zana i mo\u017ce mie\u0107 aspekt terapeutyczny.<\/figcaption><\/figure>\n<\/div>\n<\/div>\n<\/div>\n<\/div>\n\n\n\n<hr class=\"wp-block-separator\"\/>\n\n\n\n<p>Materia\u0142y zaczerpni\u0119te z Kanon\u00f3w Polskiej Hipoterapii, www.pthip.org.pl<\/p>\n","protected":false},"excerpt":{"rendered":"<p>Hipoterapia jest ukierunkowanym dzia\u0142aniem terapeutycznym, kt\u00f3re ma s\u0142u\u017cy\u0107 poprawie funkcjonowania cz\u0142owieku w najwa\u017cniejszych sferach: fizycznej, emocjonalnej, poznawczej i\/lub spo\u0142ecznej. Integraln\u0105 cz\u0119\u015b\u0107 procesu terapeutycznego stanowi specjalne do tego celu przygotowany ko\u0144. Hipoterapia realizowana jest przez wykwalifikowanego hipoterapeut\u0119 zgodnie z zaleceniami lekarza kieruj\u0105cego na hipoterapi\u0119 oraz we wsp\u00f3\u0142pracy z innymi specjalistami prowadz\u0105cymi danego pacjenta. Wa\u017cne Hipoterapia jest <a href=\"http:\/\/majadzieciom.pl\/?page_id=11\" rel=\"nofollow\"><span class=\"sr-only\">Read more about HIPOTERAPIA<\/span>[&hellip;]<\/a><\/p>\n","protected":false},"author":1,"featured_media":0,"parent":50,"menu_order":0,"comment_status":"closed","ping_status":"closed","template":"","meta":{"ngg_post_thumbnail":0},"_links":{"self":[{"href":"http:\/\/majadzieciom.pl\/index.php?rest_route=\/wp\/v2\/pages\/11"}],"collection":[{"href":"http:\/\/majadzieciom.pl\/index.php?rest_route=\/wp\/v2\/pages"}],"about":[{"href":"http:\/\/majadzieciom.pl\/index.php?rest_route=\/wp\/v2\/types\/page"}],"author":[{"embeddable":true,"href":"http:\/\/majadzieciom.pl\/index.php?rest_route=\/wp\/v2\/users\/1"}],"replies":[{"embeddable":true,"href":"http:\/\/majadzieciom.pl\/index.php?rest_route=%2Fwp%2Fv2%2Fcomments&post=11"}],"version-history":[{"count":33,"href":"http:\/\/majadzieciom.pl\/index.php?rest_route=\/wp\/v2\/pages\/11\/revisions"}],"predecessor-version":[{"id":683,"href":"http:\/\/majadzieciom.pl\/index.php?rest_route=\/wp\/v2\/pages\/11\/revisions\/683"}],"up":[{"embeddable":true,"href":"http:\/\/majadzieciom.pl\/index.php?rest_route=\/wp\/v2\/pages\/50"}],"wp:attachment":[{"href":"http:\/\/majadzieciom.pl\/index.php?rest_route=%2Fwp%2Fv2%2Fmedia&parent=11"}],"curies":[{"name":"wp","href":"https:\/\/api.w.org\/{rel}","templated":true}]}}