{"id":2,"date":"2019-12-14T17:06:16","date_gmt":"2019-12-14T16:06:16","guid":{"rendered":"http:\/\/majadzieciom.pl\/?page_id=2"},"modified":"2020-05-07T16:40:23","modified_gmt":"2020-05-07T14:40:23","slug":"gabinet","status":"publish","type":"page","link":"http:\/\/majadzieciom.pl\/?page_id=2","title":{"rendered":"GABINET LOGOPEDYCZNY"},"content":{"rendered":"\n<p>Gabinet powsta\u0142 z my\u015bl\u0105 zar\u00f3wno o dzieciach, m\u0142odzie\u017cy, jak i osobach doros\u0142ych, kt\u00f3re maj\u0105 trudno\u015bci z komunikacj\u0105 lub prawid\u0142ow\u0105 wymow\u0105. Dzia\u0142alno\u015b\u0107 prowadzona w gabinecie opiera si\u0119 na profilaktyce, diagnozie, a tak\u017ce terapii wad wymowy czy problem\u00f3w wynikaj\u0105cych niemo\u017cno\u015bci komunikowania si\u0119 z otoczeniem.<\/p>\n\n\n\n<div class=\"wp-block-columns\">\n<div class=\"wp-block-column\">\n<div class=\"wp-block-columns\">\n<div class=\"wp-block-column\">\n<figure class=\"wp-block-image size-large\"><img loading=\"lazy\" width=\"200\" height=\"200\" src=\"http:\/\/majadzieciom.pl\/wp-content\/uploads\/2020\/05\/1.png\" alt=\"\" class=\"wp-image-250\" srcset=\"http:\/\/majadzieciom.pl\/wp-content\/uploads\/2020\/05\/1.png 200w, http:\/\/majadzieciom.pl\/wp-content\/uploads\/2020\/05\/1-150x150.png 150w\" sizes=\"(max-width: 200px) 100vw, 200px\" \/><figcaption><strong><span style=\"color:#476764\" class=\"has-inline-color\">INDYWIDUALNE PODEJ\u015aCIE<\/span><\/strong><br><br>Terapia jest dostosowana do indywidualnych potrzeb Pacjent\u00f3w, przy wykorzystaniu r\u00f3\u017cnorodnych metod oraz profesjonalnych pomocy logopedycznych.<\/figcaption><\/figure>\n<\/div>\n\n\n\n<div class=\"wp-block-column\">\n<figure class=\"wp-block-image size-large\"><img loading=\"lazy\" width=\"200\" height=\"200\" src=\"http:\/\/majadzieciom.pl\/wp-content\/uploads\/2020\/05\/2.png\" alt=\"\" class=\"wp-image-251\" srcset=\"http:\/\/majadzieciom.pl\/wp-content\/uploads\/2020\/05\/2.png 200w, http:\/\/majadzieciom.pl\/wp-content\/uploads\/2020\/05\/2-150x150.png 150w\" sizes=\"(max-width: 200px) 100vw, 200px\" \/><figcaption><strong><span style=\"color:#476764\" class=\"has-inline-color\">DOMOWA ATMOSFERA<\/span><\/strong><br><br>Moim g\u0142\u00f3wnym za\u0142o\u017ceniem by\u0142o stworzenie <strong>funkcjonalnego gabinetu<\/strong>, kt\u00f3ry jednocze\u015bnie b\u0119dzie <strong>bezpieczny <\/strong>i <strong>przytulny<\/strong>, przypominaj\u0105cy &#8222;zwyczajny&#8221; tak by dziecko czu\u0142o si\u0119 jak w domu.<\/figcaption><\/figure>\n<\/div>\n<\/div>\n<\/div>\n\n\n\n<div class=\"wp-block-column\">\n<div class=\"wp-block-columns\">\n<div class=\"wp-block-column\">\n<figure class=\"wp-block-image size-large\"><img loading=\"lazy\" width=\"200\" height=\"200\" src=\"http:\/\/majadzieciom.pl\/wp-content\/uploads\/2020\/05\/4.png\" alt=\"\" class=\"wp-image-253\" srcset=\"http:\/\/majadzieciom.pl\/wp-content\/uploads\/2020\/05\/4.png 200w, http:\/\/majadzieciom.pl\/wp-content\/uploads\/2020\/05\/4-150x150.png 150w\" sizes=\"(max-width: 200px) 100vw, 200px\" \/><figcaption><strong><span style=\"color:#476764\" class=\"has-inline-color\">KOMFORTOWA POCZEKALNIA<\/span><\/strong><br><br>Wa\u017cne by\u0142o dla mnie r\u00f3wnie\u017c spe\u0142nienie\u00a0<strong>oczekiwa\u0144 rodzic\u00f3w<\/strong>\u00a0dzieci ucz\u0119szczaj\u0105cych na terapi\u0119, kt\u00f3rzy maj\u0105 mo\u017cliwo\u015b\u0107 uczestniczy\u0107 w zaj\u0119ciach swoich dzieci, b\u0105d\u017a sp\u0119dzi\u0107 ten czas w wygodnym fotelu delektuj\u0105c si\u0119 gor\u0105c\u0105 herbat\u0105 lub kaw\u0105 i dobr\u0105 lektur\u0105.<\/figcaption><\/figure>\n<\/div>\n\n\n\n<div class=\"wp-block-column\">\n<figure class=\"wp-block-image size-large\"><img loading=\"lazy\" width=\"200\" height=\"200\" src=\"http:\/\/majadzieciom.pl\/wp-content\/uploads\/2020\/05\/3.png\" alt=\"\" class=\"wp-image-252\" srcset=\"http:\/\/majadzieciom.pl\/wp-content\/uploads\/2020\/05\/3.png 200w, http:\/\/majadzieciom.pl\/wp-content\/uploads\/2020\/05\/3-150x150.png 150w\" sizes=\"(max-width: 200px) 100vw, 200px\" \/><figcaption><strong><span style=\"color:#476764\" class=\"has-inline-color\">BOGATE WYPOSA\u017bENIE<\/span><\/strong><br><br>W celu prowadzenia efektywnej terapii gabinet zosta\u0142 wyposa\u017cony w wiele ciekawych pomocy dydaktycznych takich jak: gry, puzzle, uk\u0142adanki, nawlekanki, klocki, zabawki edukacyjne i wiele innych, a tak\u017ce w programy komputerowe dzi\u0119ki czemu prowadzona terapia b\u0119dzie dla dziecka jeszcze atrakcyjniejsza.<\/figcaption><\/figure>\n<\/div>\n<\/div>\n<\/div>\n<\/div>\n","protected":false},"excerpt":{"rendered":"<p>Gabinet powsta\u0142 z my\u015bl\u0105 zar\u00f3wno o dzieciach, m\u0142odzie\u017cy, jak i osobach doros\u0142ych, kt\u00f3re maj\u0105 trudno\u015bci z komunikacj\u0105 lub prawid\u0142ow\u0105 wymow\u0105. Dzia\u0142alno\u015b\u0107 prowadzona w gabinecie opiera si\u0119 na profilaktyce, diagnozie, a tak\u017ce terapii wad wymowy czy problem\u00f3w wynikaj\u0105cych niemo\u017cno\u015bci komunikowania si\u0119 z otoczeniem.<\/p>\n","protected":false},"author":1,"featured_media":0,"parent":0,"menu_order":0,"comment_status":"closed","ping_status":"closed","template":"","meta":{"ngg_post_thumbnail":0},"_links":{"self":[{"href":"http:\/\/majadzieciom.pl\/index.php?rest_route=\/wp\/v2\/pages\/2"}],"collection":[{"href":"http:\/\/majadzieciom.pl\/index.php?rest_route=\/wp\/v2\/pages"}],"about":[{"href":"http:\/\/majadzieciom.pl\/index.php?rest_route=\/wp\/v2\/types\/page"}],"author":[{"embeddable":true,"href":"http:\/\/majadzieciom.pl\/index.php?rest_route=\/wp\/v2\/users\/1"}],"replies":[{"embeddable":true,"href":"http:\/\/majadzieciom.pl\/index.php?rest_route=%2Fwp%2Fv2%2Fcomments&post=2"}],"version-history":[{"count":47,"href":"http:\/\/majadzieciom.pl\/index.php?rest_route=\/wp\/v2\/pages\/2\/revisions"}],"predecessor-version":[{"id":399,"href":"http:\/\/majadzieciom.pl\/index.php?rest_route=\/wp\/v2\/pages\/2\/revisions\/399"}],"wp:attachment":[{"href":"http:\/\/majadzieciom.pl\/index.php?rest_route=%2Fwp%2Fv2%2Fmedia&parent=2"}],"curies":[{"name":"wp","href":"https:\/\/api.w.org\/{rel}","templated":true}]}}