{"id":50,"date":"2020-01-03T21:51:29","date_gmt":"2020-01-03T20:51:29","guid":{"rendered":"http:\/\/majadzieciom.pl\/?page_id=50"},"modified":"2020-05-03T21:46:18","modified_gmt":"2020-05-03T19:46:18","slug":"o-osrodku","status":"publish","type":"page","link":"http:\/\/majadzieciom.pl\/?page_id=50","title":{"rendered":"O O\u015aRODKU"},"content":{"rendered":"\n<div class=\"wp-block-group\"><div class=\"wp-block-group__inner-container\"><\/div><\/div>\n\n\n\n<p class=\"has-normal-font-size\">O\u015brodek Wspierania Rozwoju Dziecka &#8222;Maja Dzieciom&#8221; zosta\u0142 za\u0142o\u017cony we wrze\u015bniu 2010 roku, pocz\u0105tkowo zajmuj\u0105c si\u0119 przede wszystkim hipoterapi\u0105. W roku 2019 do u\u017cytku oddany zosta\u0142 gabinet logopedyczno &#8211; terapeutyczny, dysponuj\u0105cy poczekalni\u0105 dla rodzic\u00f3w, kt\u00f3rzy oczekuj\u0105 na swoje pociechy. Wychodz\u0105c naprzeciw rodzicom zabieraj\u0105cym ze sob\u0105 m\u0142odsze rodze\u0144stwo, przewidziano k\u0105cik malucha wraz z przewijakiem, ksi\u0105\u017ceczkami i zabawkami dla najm\u0142odszych.<\/p>\n\n\n\n<div class=\"wp-block-media-text alignwide is-stacked-on-mobile\" style=\"grid-template-columns:27% auto\"><figure class=\"wp-block-media-text__media\"><img loading=\"lazy\" width=\"306\" height=\"305\" src=\"http:\/\/majadzieciom.pl\/wp-content\/uploads\/2020\/02\/ania_solo.png\" alt=\"\" class=\"wp-image-161\" srcset=\"http:\/\/majadzieciom.pl\/wp-content\/uploads\/2020\/02\/ania_solo.png 306w, http:\/\/majadzieciom.pl\/wp-content\/uploads\/2020\/02\/ania_solo-300x300.png 300w, http:\/\/majadzieciom.pl\/wp-content\/uploads\/2020\/02\/ania_solo-150x150.png 150w\" sizes=\"(max-width: 306px) 100vw, 306px\" \/><\/figure><div class=\"wp-block-media-text__content\">\n<p class=\"has-text-align-right has-normal-font-size\"><em><strong>Anna Lewicka<br><\/strong>w\u0142a\u015bcicielka o\u015brodka, mgr pedagogiki specjalnej (oligofrenopedagog, surdopedagog), logopeda, instruktor rekreacji ruchowej ze specjalno\u015bci\u0105 hipoterapia i jazda konna, logopeda, cz\u0142onek Polskiego Towarzystwa Hipoterapeutycznego, cz\u0142onek  i wolontariusz Stowarzyszenia na Rzecz Os\u00f3b Niepe\u0142nosprawnych &#8222;Razem&#8221; w Chybiu<\/em><\/p>\n<\/div><\/div>\n","protected":false},"excerpt":{"rendered":"<p>O\u015brodek Wspierania Rozwoju Dziecka &#8222;Maja Dzieciom&#8221; zosta\u0142 za\u0142o\u017cony we wrze\u015bniu 2010 roku, pocz\u0105tkowo zajmuj\u0105c si\u0119 przede wszystkim hipoterapi\u0105. W roku 2019 do u\u017cytku oddany zosta\u0142 gabinet logopedyczno &#8211; terapeutyczny, dysponuj\u0105cy poczekalni\u0105 dla rodzic\u00f3w, kt\u00f3rzy oczekuj\u0105 na swoje pociechy. Wychodz\u0105c naprzeciw rodzicom zabieraj\u0105cym ze sob\u0105 m\u0142odsze rodze\u0144stwo, przewidziano k\u0105cik malucha wraz z przewijakiem, ksi\u0105\u017ceczkami i zabawkami <a href=\"http:\/\/majadzieciom.pl\/?page_id=50\" rel=\"nofollow\"><span class=\"sr-only\">Read more about O O\u015aRODKU<\/span>[&hellip;]<\/a><\/p>\n","protected":false},"author":1,"featured_media":0,"parent":0,"menu_order":0,"comment_status":"closed","ping_status":"closed","template":"","meta":{"ngg_post_thumbnail":0},"_links":{"self":[{"href":"http:\/\/majadzieciom.pl\/index.php?rest_route=\/wp\/v2\/pages\/50"}],"collection":[{"href":"http:\/\/majadzieciom.pl\/index.php?rest_route=\/wp\/v2\/pages"}],"about":[{"href":"http:\/\/majadzieciom.pl\/index.php?rest_route=\/wp\/v2\/types\/page"}],"author":[{"embeddable":true,"href":"http:\/\/majadzieciom.pl\/index.php?rest_route=\/wp\/v2\/users\/1"}],"replies":[{"embeddable":true,"href":"http:\/\/majadzieciom.pl\/index.php?rest_route=%2Fwp%2Fv2%2Fcomments&post=50"}],"version-history":[{"count":27,"href":"http:\/\/majadzieciom.pl\/index.php?rest_route=\/wp\/v2\/pages\/50\/revisions"}],"predecessor-version":[{"id":288,"href":"http:\/\/majadzieciom.pl\/index.php?rest_route=\/wp\/v2\/pages\/50\/revisions\/288"}],"wp:attachment":[{"href":"http:\/\/majadzieciom.pl\/index.php?rest_route=%2Fwp%2Fv2%2Fmedia&parent=50"}],"curies":[{"name":"wp","href":"https:\/\/api.w.org\/{rel}","templated":true}]}}