{"id":69,"date":"2020-01-06T12:27:55","date_gmt":"2020-01-06T11:27:55","guid":{"rendered":"http:\/\/majadzieciom.pl\/?page_id=69"},"modified":"2021-02-04T21:58:18","modified_gmt":"2021-02-04T20:58:18","slug":"o-mnie","status":"publish","type":"page","link":"http:\/\/majadzieciom.pl\/?page_id=69","title":{"rendered":"O mnie"},"content":{"rendered":"\n<div class=\"wp-block-columns has-2-columns\">\n<div class=\"wp-block-column\">\n<p class=\"has-text-align-left\"> Anna Lewicka &#8211; mgr pedagogiki specjalnej, logopeda, instruktor rekreacji ruchowej ze specjalno\u015bci\u0105 hipoterapia i jazda konna, logopeda, cz\u0142onek Polskiego Towarzystwa Hipoterapeutycznego, cz\u0142onek <br>i wolontariusz Stowarzyszenia na Rzecz Os\u00f3b Niepe\u0142nosprawnych &#8222;Razem&#8221; z Chybia oraz mama dw\u00f3ch kochanych szkrab\u00f3w.<\/p>\n<\/div>\n\n\n\n<div class=\"wp-block-column\">\n<div class=\"wp-block-image is-style-default\"><figure class=\"aligncenter is-resized\"><img loading=\"lazy\" src=\"http:\/\/majadzieciom.pl\/wp-content\/uploads\/2020\/01\/1-200x300.jpg\" alt=\"\" class=\"wp-image-72\" width=\"247\" height=\"371\" srcset=\"http:\/\/majadzieciom.pl\/wp-content\/uploads\/2020\/01\/1-200x300.jpg 200w, http:\/\/majadzieciom.pl\/wp-content\/uploads\/2020\/01\/1-768x1151.jpg 768w, http:\/\/majadzieciom.pl\/wp-content\/uploads\/2020\/01\/1-684x1024.jpg 684w, http:\/\/majadzieciom.pl\/wp-content\/uploads\/2020\/01\/1-750x1124.jpg 750w, http:\/\/majadzieciom.pl\/wp-content\/uploads\/2020\/01\/1.jpg 1367w\" sizes=\"(max-width: 247px) 100vw, 247px\" \/><\/figure><\/div>\n<\/div>\n<\/div>\n\n\n\n<p class=\"has-text-align-center\">Kilka s\u0142\u00f3w tytu\u0142em wst\u0119pu, czyli jak zwi\u0105za\u0107 pasj\u0119 z \u017cyciem zawodowym&#8230; <\/p>\n\n\n\n<p class=\"has-text-align-center\">Kilka tygodni przed egzaminami na uczelni\u0119 wy\u017csz\u0105, nie by\u0142am jeszcze \u015bwiadoma, \u017ce moja dalsza edukacja potoczy si\u0119 w zupe\u0142nie innym kierunku ni\u017c by\u0142o to przeze mnie skrupulatnie zaplanowane&#8230; W moich marzeniach <br>i wyobra\u017ceniach o przysz\u0142o\u015bci nie by\u0142o mowy o pracy w szkole, pracy z dzie\u0107mi. Gdzie\u015b jednak ca\u0142y czas ko\u0142ata\u0142a mi w sercu pasja je\u017adziecka, rado\u015b\u0107 z kontakt\u00f3w z osobami niepe\u0142nosprawnymi, kt\u00f3ra wzi\u0119\u0142a si\u0119 z <br>corocznych wyjazd\u00f3w na turnusy rehabilitacyjne w charakterze opiekuna &#8211; wolontariusza. Moje niezdecydowanie co do wyboru dalszej drogi, by\u0142o na tyle du\u017ce, \u017ce teraz nie jestem w stanie przypomnie\u0107 sobie kierunk\u00f3w studi\u00f3w, na kt\u00f3re planowa\u0142am si\u0119 wybra\u0107. I nagle jak grom z jasnego nieba dotar\u0142o do mnie, \u017ce oligofrenopedagogika, kt\u00f3ra jeszcze kilka miesi\u0119cy wcze\u015bniej wydawa\u0142a mi si\u0119 ma\u0142o interesuj\u0105cym kierunkiem, jest tym, co chcia\u0142abym robi\u0107. Cudem zd\u0105\u017cy\u0142am ze z\u0142o\u017ceniem papier\u00f3w, zda\u0142am egzamin wst\u0119pny i trzy lata p\u00f3\u017aniej obroni\u0142am tytu\u0142 licencjata. W czasie studi\u00f3w trafi\u0142am do stajni wspania\u0142ej instruktorki Pani Basi, pod kt\u00f3rej czujnym okiem szlifowa\u0142am jazd\u0119 konn\u0105. I tylko Pani Basia mo\u017ce powiedzie\u0107, ile wysi\u0142ku j\u0105 kosztowa\u0142a praca ze mn\u0105 \ud83d\ude42 A dlaczego o tym wspominam? Ot\u00f3\u017c kiedy w mojej g\u0142owie nie\u015bmia\u0142o kie\u0142kowa\u0142a my\u015bl o zrobieniu kursu hipoterapii, Pani Basia mi t\u0119 my\u015bl pomog\u0142a zwerbalizowa\u0107. Zapisa\u0142am si\u0119 na kurs Polskiego Towarzystwa Hipoterapeutycznego. No i si\u0119 zacz\u0119\u0142o! Przygotowanie do egzaminu je\u017adzieckiego uprawniaj\u0105ce do rozpocz\u0119cia kursu. Do dzisiaj obie wspominamy ze \u015bmiechem wzloty i upadki podczas jazd. Kurs uko\u0144czy\u0142am z wynikiem bardzo dobrym r\u00f3wno ze studiami magisterskimi.  I tym sposobem wszystko si\u0119 zacz\u0119\u0142o &#8211; praca, kolejne studia, szkolenia, kursy i ci\u0105gle mi ma\u0142o, ale robi\u0119 to dla Was, \u017ceby jak najlepiej m\u00f3c pom\u00f3c Wam &#8211; moim mniejszym i wi\u0119kszym pacjentom. <br>A dla mnie to ca\u0142y czas jest nieko\u0144cz\u0105ca si\u0119 przygoda! <\/p>\n\n\n\n<p>Nie spos\u00f3b wspomnie\u0107 o jeszcze jednym istotnym fakcie: w styczniu 2009 roku w moim \u017cyciu pojawi\u0142a si\u0119 5 letnia w\u00f3wczas haflingerka o wdzi\u0119cznym imieniu Maja, ale to ju\u017c osobny temat&#8230; \ud83d\ude42 <\/p>\n\n\n\n<p class=\"has-medium-font-size\">Wykszta\u0142cenie:<\/p>\n\n\n\n<ul><li>2004 &#8211; 2007 &#8211; Kolegium Nauczycielskie w Bielsku Bia\u0142ej pod patronatem Akademii Pedagogicznej im. KEN w Krakowie, kierunek <strong>oligofrenopedagogika <\/strong>(licencjat)<\/li><li>2007 &#8211; 2009 &#8211;  Uniwersytet Pedagogiczny im. KEN w Krakowie, <strong>surdopedagogika <\/strong>(studia magisterskie)<\/li><li>2011 &#8211; 2013 &#8211; Wy\u017csza Szko\u0142a Biznesu w D\u0105browie G\u00f3rniczej &#8211; <strong>wczesnoszkolna edukacja zintegrowana z wychowaniem przedszkolnym,<\/strong> (studia podyplomowe)<\/li><li>2013 &#8211; 2014 Akademia Techniczno &#8211; Humanistyczna, kierunek <strong>terapia pedagogiczna<\/strong><\/li><li>2014 &#8211; 2016 &#8211; Akademia Techniczno &#8211; Humanistyczna, kierunek <strong>Logopedia z komunikacj\u0105 alternatywn\u0105<\/strong><\/li><\/ul>\n\n\n\n<p class=\"has-medium-font-size\">Kursy, szkolenia<\/p>\n\n\n\n<ul><li>Kurs j\u0119zyka migowego, Bielsko &#8211; Bia\u0142a 2006<\/li><li>Bajkoterapia. Bielsko Bia\u0142a 2008<\/li><li>kurs instruktora rekreacji ruchowej ze specjalno\u015bci\u0105 hipoterapia, Polskie Towarzystwo Hipoterapeutyczne Warszawa 2009<\/li><li>Podstawy dogoterapii, Fundacja Terapeutyczna &#8222;Pies dla Stasia&#8221;, Warszawa 2010<\/li><li>kurs instruktora rekreacji ruchowej ze specjalno\u015bci\u0105 jazda konna, GREEN WAY Barczewo 2013<\/li><li>Metoda Rozwijaj\u0105cego Ruchu Weroniki Sherborne I stopie\u0144<\/li><li>Kurs I stopnia Integracji Sensorycznej, fizjologiczne SINET, Warszawa 2018<\/li><li>Terapia R\u0119ki I i II stopie\u0144, Centrum Szkoleniowe Soyer, Katowice 2018<\/li><li>Szkolenie Podstawowe Makaton I stopie\u0144, Program Rozwoju Komunikacji PRKM, Strumie\u0144 2019<\/li><li>Szkolenie Zaawansowane Makaton II stopie\u0144, Program Rozwoju Komunikacji PRKM, Katowice 2019<\/li><li>Karty Oceny Logopedycznej Dziecka KOLD, Katowice 2019<\/li><li>Stymulacja traktu ustno &#8211; twarzowego, Andrych\u00f3w 2020<\/li><li>webinar: Zabawa z ma\u0142ym dzieckiem z autyzmem metod\u0105 na rozw\u00f3j komunikowania, czerwice 2020<\/li><li>webinar: &#8222;Jak zach\u0119ci\u0107 dziecko ze spektrum autyzmu do wsp\u00f3\u0142pracy&#8221;, czerwiec 2020 <\/li><li>Praktyczny kurs alternatywnych i wspomagaj\u0105cych metod porozumiewania si\u0119 AAC, Katowice 2020<\/li><\/ul>\n\n\n\n<p>Warsztaty i konferencje hipoterapeutyczne:<\/p>\n\n\n\n<ul><li>Mi\u0119dzynarodowa Konferencja Hipoterapeutyczna &#8222;Ko\u0144 leczy, uczy, motywuje&#8221;, Krak\u00f3w 2010<\/li><li>kurs naturalnej piel\u0119gnacji kopyt, &#8222;Bez kopyt nie ma konia&#8221;, Warszawa 2011<\/li><li>warsztaty &#8222;Zabawy wczesnodzieci\u0119ce jako rola budowania kontaktu z ma\u0142ym dzieckiem w czasie zaj\u0119\u0107 hipoterpii&#8221;, Warszawa 2012<\/li><li>Konferencja Hipoterapeutyczna &#8222;Ko\u0144 w zooterapii&#8221;, Kielnarowa 2014<\/li><li>warsztaty Do\u015bwiadczanie siebie w relacji z koniem metod\u0105 Horse Assisted Education, Krak\u00f3w 2018<\/li><li>warsztaty &#8222;Dobrostan i fizjologia konia jako wsp\u00f3\u0142terapeuty&#8221; Pani\u00f3wki 2019<\/li><li>warsztaty: &#8222;Model neurofizjologiczny&#8221;, Krak\u00f3w 2019)<\/li><li>webinar: &#8222;Skolioza a hipoterapia&#8221;, czerwiec 2020<\/li><li>webinar: &#8222;Hipoterapia dziecka z diplegi\u0105 &#8211; studium przypadku&#8221;. czerwiec 2020<\/li><li>webinar: &#8222;Korzy\u015bci p\u0142yn\u0105ce z hipoterapii dla os\u00f3b z ca\u0142o\u015bciowymi zaburzeniami rozwoju&#8221; czerwiec 2020<\/li><\/ul>\n\n\n\n<p><\/p>\n","protected":false},"excerpt":{"rendered":"<p>Anna Lewicka &#8211; mgr pedagogiki specjalnej, logopeda, instruktor rekreacji ruchowej ze specjalno\u015bci\u0105 hipoterapia i jazda konna, logopeda, cz\u0142onek Polskiego Towarzystwa Hipoterapeutycznego, cz\u0142onek i wolontariusz Stowarzyszenia na Rzecz Os\u00f3b Niepe\u0142nosprawnych &#8222;Razem&#8221; z Chybia oraz mama dw\u00f3ch kochanych szkrab\u00f3w. Kilka s\u0142\u00f3w tytu\u0142em wst\u0119pu, czyli jak zwi\u0105za\u0107 pasj\u0119 z \u017cyciem zawodowym&#8230; Kilka tygodni przed egzaminami na uczelni\u0119 wy\u017csz\u0105, <a href=\"http:\/\/majadzieciom.pl\/?page_id=69\" rel=\"nofollow\"><span class=\"sr-only\">Read more about O mnie<\/span>[&hellip;]<\/a><\/p>\n","protected":false},"author":1,"featured_media":0,"parent":0,"menu_order":0,"comment_status":"closed","ping_status":"closed","template":"","meta":{"ngg_post_thumbnail":0},"_links":{"self":[{"href":"http:\/\/majadzieciom.pl\/index.php?rest_route=\/wp\/v2\/pages\/69"}],"collection":[{"href":"http:\/\/majadzieciom.pl\/index.php?rest_route=\/wp\/v2\/pages"}],"about":[{"href":"http:\/\/majadzieciom.pl\/index.php?rest_route=\/wp\/v2\/types\/page"}],"author":[{"embeddable":true,"href":"http:\/\/majadzieciom.pl\/index.php?rest_route=\/wp\/v2\/users\/1"}],"replies":[{"embeddable":true,"href":"http:\/\/majadzieciom.pl\/index.php?rest_route=%2Fwp%2Fv2%2Fcomments&post=69"}],"version-history":[{"count":16,"href":"http:\/\/majadzieciom.pl\/index.php?rest_route=\/wp\/v2\/pages\/69\/revisions"}],"predecessor-version":[{"id":699,"href":"http:\/\/majadzieciom.pl\/index.php?rest_route=\/wp\/v2\/pages\/69\/revisions\/699"}],"wp:attachment":[{"href":"http:\/\/majadzieciom.pl\/index.php?rest_route=%2Fwp%2Fv2%2Fmedia&parent=69"}],"curies":[{"name":"wp","href":"https:\/\/api.w.org\/{rel}","templated":true}]}}