{"id":741,"date":"2022-01-05T12:44:36","date_gmt":"2022-01-05T11:44:36","guid":{"rendered":"http:\/\/majadzieciom.pl\/?page_id=741"},"modified":"2022-01-05T13:13:13","modified_gmt":"2022-01-05T12:13:13","slug":"cennik","status":"publish","type":"page","link":"http:\/\/majadzieciom.pl\/?page_id=741","title":{"rendered":"CENNIK"},"content":{"rendered":"\n<p class=\"has-text-align-center\">Cennik obowi\u0105zuj\u0105cy od 1.02.2022<\/p>\n\n\n\n<figure class=\"wp-block-table is-style-regular\"><table><tbody><tr><td>Diagnoza logopedyczna z opisem<\/td><td>60 min. \u2013 90 min.<\/td><td>200 z\u0142.<\/td><\/tr><tr><td>Terapia logopedyczna<\/td><td>45 min \/ 60 min<\/td><td>70 z\u0142 \/ 90 z\u0142<\/td><\/tr><tr><td>Hipoterapia<\/td><td>30 min<\/td><td>50 z\u0142<\/td><\/tr><tr><td>Hipoterapia &#8211; karnet<\/td><td>10 jazd na 2 miesi\u0105ce<\/td><td>450 z\u0142<\/td><\/tr><tr><td>Terapia r\u0119ki<\/td><td>45 min<\/td><td>100 z\u0142<\/td><\/tr><tr><td>Konsultacja logopedyczna<\/td><td>45 min<\/td><td>60 z\u0142<\/td><\/tr><tr><td>Terapia pedagogiczna<br>(dzieci z dysleksj\u0105)<\/td><td>45 min<\/td><td>65 z\u0142<\/td><\/tr><tr><td>Terapia surdopedagogiczna<br>z wychowaniem s\u0142uchowym<\/td><td>60 min<\/td><td>90 z\u0142<\/td><\/tr><\/tbody><\/table><\/figure>\n","protected":false},"excerpt":{"rendered":"<p>Cennik obowi\u0105zuj\u0105cy od 1.02.2022 Diagnoza logopedyczna z opisem 60 min. \u2013 90 min. 200 z\u0142. Terapia logopedyczna 45 min \/ 60 min 70 z\u0142 \/ 90 z\u0142 Hipoterapia 30 min 50 z\u0142 Hipoterapia &#8211; karnet 10 jazd na 2 miesi\u0105ce 450 z\u0142 Terapia r\u0119ki 45 min 100 z\u0142 Konsultacja logopedyczna 45 min 60 z\u0142 Terapia <a href=\"http:\/\/majadzieciom.pl\/?page_id=741\" rel=\"nofollow\"><span class=\"sr-only\">Read more about CENNIK<\/span>[&hellip;]<\/a><\/p>\n","protected":false},"author":1,"featured_media":0,"parent":0,"menu_order":0,"comment_status":"closed","ping_status":"closed","template":"","meta":{"ngg_post_thumbnail":0},"_links":{"self":[{"href":"http:\/\/majadzieciom.pl\/index.php?rest_route=\/wp\/v2\/pages\/741"}],"collection":[{"href":"http:\/\/majadzieciom.pl\/index.php?rest_route=\/wp\/v2\/pages"}],"about":[{"href":"http:\/\/majadzieciom.pl\/index.php?rest_route=\/wp\/v2\/types\/page"}],"author":[{"embeddable":true,"href":"http:\/\/majadzieciom.pl\/index.php?rest_route=\/wp\/v2\/users\/1"}],"replies":[{"embeddable":true,"href":"http:\/\/majadzieciom.pl\/index.php?rest_route=%2Fwp%2Fv2%2Fcomments&post=741"}],"version-history":[{"count":3,"href":"http:\/\/majadzieciom.pl\/index.php?rest_route=\/wp\/v2\/pages\/741\/revisions"}],"predecessor-version":[{"id":750,"href":"http:\/\/majadzieciom.pl\/index.php?rest_route=\/wp\/v2\/pages\/741\/revisions\/750"}],"wp:attachment":[{"href":"http:\/\/majadzieciom.pl\/index.php?rest_route=%2Fwp%2Fv2%2Fmedia&parent=741"}],"curies":[{"name":"wp","href":"https:\/\/api.w.org\/{rel}","templated":true}]}}