{"id":85,"date":"2020-01-08T22:50:51","date_gmt":"2020-01-08T21:50:51","guid":{"rendered":"http:\/\/majadzieciom.pl\/?page_id=85"},"modified":"2022-01-05T13:10:10","modified_gmt":"2022-01-05T12:10:10","slug":"dla-kogo-hipoterapia","status":"publish","type":"page","link":"http:\/\/majadzieciom.pl\/?page_id=85","title":{"rendered":"DLA KOGO HIPOTERAPIA?"},"content":{"rendered":"\n<p>Hipoterapia jako metoda wieloprofilowego usprawniania, dzi\u0119ki wielop\u0142aszczyznowym oddzia\u0142ywaniom konia na pacjenta pozwala uzyska\u0107 r\u00f3wnoczesn\u0105 popraw\u0119 wielu zaburzonych sfer funkcjonowania. Korzy\u015bci z hipoterapii mog\u0105 czerpa\u0107 osoby borykaj\u0105ce si\u0119 z r\u00f3\u017cnorodnymi zaburzeniami rozwoju i chorobami. Niemniej jednak istniej\u0105 pewne schorzenia, zaburzenia i stany chorobowe, kt\u00f3re nie pozwalaj\u0105 na stosowanie hipoterapii.<strong> Dlatego zgod\u0119 na prowadzenie terapii musi wyrazi\u0107 lekarz prowadz\u0105cy danego pacjenta.<\/strong> <\/p>\n\n\n\n<p>Prowadzenie zaj\u0119\u0107 hipoterapeutycznych jest wskazane w przypadku:<\/p>\n\n\n\n<p><strong>zespo\u0142\u00f3w neurologicznych<\/strong><\/p>\n\n\n\n<ul><li>m\u00f3zgowe pora\u017cenie dzieci\u0119ce:<\/li><\/ul>\n\n\n\n<p><em>posta\u0107 piramidowa \u2013 niedow\u0142ady spastyczne<\/em><\/p>\n\n\n\n<p>Podczas hipoterapii\nmo\u017cliwe jest rozci\u0105gni\u0119cie mi\u0119\u015bni przykurczonych, poprzez dosiadanie konia na\noklep, jego temperaturze oraz ruchowi rozlu\u017aniaj\u0105cemu mi\u0119\u015bnie miednicy.<\/p>\n\n\n\n<p><em>posta\u0107 m\u00f3\u017cd\u017ckowa \u2013 obni\u017cone napi\u0119cie mi\u0119\u015bniowe i ataksja <\/em><\/p>\n\n\n\n<p>Ko\u0144, wykorzystuj\u0105c sw\u00f3j ruch, wymusza na je\u017ad\u017acu biern\u0105 prac\u0119 mi\u0119\u015bni obr\u0119czy miedniczej i barkowej. Zaj\u0119cia hipoterapeutyczne mog\u0105 by\u0107 prowadzone w r\u00f3\u017cnych pozycjach, a dzi\u0119ki po\u0142\u0105czeniu odpowiedniego u\u0142o\u017cenia dziecka z ruchami konia, mo\u017cna stymulowa\u0107 czucie g\u0142\u0119bokie, kt\u00f3re&nbsp; takich przypadkach najcz\u0119\u015bciej bywa zaburzone. Ruch konia poprzez sta\u0142e wytr\u0105canie pacjenta z r\u00f3wnowagi jest korzystnym \u0107wiczeniem orientacji przestrzennej, reakcji r\u00f3wnowa\u017cnych stymuluj\u0105c odpowiedni\u0105 prac\u0119 mi\u0119\u015bni.<\/p>\n\n\n\n<p><em>posta\u0107 pozapiramidowa \u2013 atetotyczna<\/em><\/p>\n\n\n\n<p>Rytmiczny i harmonijny\nruch konia, jakiemu poddawana jest osoba z postacia pozapiramidow\u0105 m\u00f3zgowego\npora\u017cenia dzieci\u0119cego skutkuje wyciszeniem si\u0119 mimowolnych ruch\u00f3w.<\/p>\n\n\n\n<ul><li>stany po urazach czaszkowo \u2013 m\u00f3zgowych<\/li><\/ul>\n\n\n\n<p>Po przebytych urazach\no\u015brodkowego uk\u0142adu nerwowego, kt\u00f3re skutkuj\u0105 niedow\u0142adami raz pora\u017ceniami\nmi\u0119\u015bni stosuje si\u0119 indywidualnie dobran\u0105 hipoterapi\u0119 odpowiednio do potrzeb\npacjenta i dopiero na p\u00f3\u017aniejszym etapie leczenia, czyli w tzw. okresie\nregeneracyjno \u2013 kompensacyjnym.<\/p>\n\n\n\n<ul><li>stany po infekcyjnych chorobach o\u015brodkowego\nuk\u0142adu nerwowego<\/li><\/ul>\n\n\n\n<p>Hipoterapia\nwprowadzana jest dopiero po przebytej chorobie jako forma walki z kalectwem\npochorobowym, dzi\u0119ki czemu pacjent ma mo\u017cliwo\u015b\u0107 utrzymania swojej sprawno\u015bci\nruchowej lub te\u017c jej poprawy. <\/p>\n\n\n\n<ul><li>wady wrodzone centralnego uk\u0142adu nerwowego:\nprzepukliny oponowo \u2013 rdzeniowe, wodog\u0142owie, ma\u0142og\u0142owie, upo\u015bledzenie umys\u0142owe\nspowodowane uszkodzeniem o\u015brodk\u00f3w korowych w czasie rozwoju prenatalnego<\/li><li>mikrouszkodzenia m\u00f3zgu takie jak zesp\u00f3\u0142\nnadpobudliwo\u015bci ruchowej, zesp\u00f3\u0142 niezgrabno\u015bci ruchowej, swoiste trudno\u015bci w\nuczeniu si\u0119<\/li><\/ul>\n\n\n\n<p>Hipoterapia w tym\nwypadku jest \u017ar\u00f3d\u0142em niezwykle korzystnej stymulacji wielozmys\u0142owej. <\/p>\n\n\n\n<ul><li>choroby mi\u0119\u015bni \u2013 min. 3 punkty w skali lovetta<\/li><\/ul>\n\n\n\n<p>Hipoterapia ma na celu\nwzmocnienie mi\u0119\u015bnie, jednak\u017ce obowi\u0105zuje tu bardzo rygorystycznie\nindywidualizacja intensywno\u015bci i czasu zaj\u0119\u0107.<\/p>\n\n\n\n<ul><li>polineuropatie<\/li><li>oko\u0142oporodowe uszkodzenie splotu barkowego<\/li><\/ul>\n\n\n\n<p>W tym wypadku zadaniem\nhipoterapii jest zapobiegni\u0119cie asymetrycznemu napi\u0119ciu mi\u0119\u015bni tu\u0142owia oraz\nuaktywnienie pora\u017conej ko\u0144czyny.<\/p>\n\n\n\n<p><strong>Zespo\u0142y ortopedyczne<\/strong><\/p>\n\n\n\n<ul><li>wady postawy i tendencje do nich<\/li><\/ul>\n\n\n\n<p>Hipoterapia\nodblokowuje przykurcze posturalne i ograniczenia w obr\u0119bie kr\u0119gos\u0142upa, obr\u0119czy\nbarkowej i miedniczej, symetrycznie wzmacnia mi\u0119\u015bnie posturalne, stymuluje do\naktywnej korekcji postawy i symetrycznego napi\u0119cia mi\u0119\u015bni brzucha i mi\u0119\u015bni grzbietowych.<\/p>\n\n\n\n<ul><li>postawy skoliotyczne i skoliozy do 20<sup>o <\/sup>Cobba<\/li><li>stany po amputacji ko\u0144czyn i wady rozwojowe\nko\u0144czyn<\/li><li>przykurcze mi\u0119\u015bni po operacjach,\nunieruchomieniach gipsem dysplazja stawu biodrowego<\/li><\/ul>\n\n\n\n<p><strong>Inne zaburzenia rozwoju i schorzenia<\/strong><\/p>\n\n\n\n<ul><li>zespo\u0142y genetyczne m.in. zesp\u00f3\u0142 Downa<\/li><\/ul>\n\n\n\n<p>Do przyj\u0119cia dziecka z\nzespo\u0142em Downa na zaj\u0119cia hipoterapii konieczne jest wykonanie zdj\u0119cia rtg\nodcinka szyjnego kr\u0119gos\u0142upa, gdy\u017c istnieje zagro\u017cenie niestabilno\u015bci\u0105 szczytowo\n\u2013 obrotow\u0105. <\/p>\n\n\n\n<ul><li>uszkodzenia lub nieprawid\u0142owo\u015bci w\nfunkcjonowaniu analizator\u00f3w s\u0142uchu i wzroku<\/li><li>zaburzenia r\u00f3wnowagi, chodu i utrzymania\nprawid\u0142owej postawy cia\u0142a niezale\u017cnie od etiologii<\/li><li>zaburzenia integracji sensorycznej,<\/li><li>upo\u015bledzenie umys\u0142owe<\/li><li>nadpobudliwo\u015b\u0107 psychoruchowa<\/li><li>autyzm i inne zaburzenia ze spektrum autyzmu<\/li><li>zaburzenia zachowania<\/li><li>niedostosowanie spo\u0142eczne<\/li><li>depresje<\/li><li>zaburzenia koordynacji wzrokowo \u2013 ruchowej<\/li><li>op\u00f3\u017anienie psychoruchowe b\u0105d\u017a nieharmonijny\nrozw\u00f3j psychoruchowy o nieustalonej etiologii<\/li><li>zaburzenia emocjonalne.<\/li><\/ul>\n\n\n\n<p>W przypadku\nhipoterapii u os\u00f3b doros\u0142ych stosuje si\u0119 j\u0105 najcz\u0119\u015bciej w nast\u0119puj\u0105cych\njednostkach chorobowych: stany po udarach m\u00f3zgu, stwardnienie rozsiane,\npatologie spo\u0142eczne, uzale\u017cnienia, stany po urazach m\u00f3zgowo \u2013 czaszkowych,\nchoroby i zaburzenia psychiczne oraz inne choroby aparatu ruchu o pod\u0142o\u017cu neurologicznym\ni ortopedycznym.<\/p>\n\n\n\n<p>Przyjmuj\u0105c na zaj\u0119cia hipoterapii pacjenta nale\u017cy wiedzie\u0107 o <strong>przeciwwskazaniach<\/strong>, kt\u00f3re uniemo\u017cliwiaj\u0105 podj\u0119cie tego rodzaju terapii. S\u0105 to przede wszystkim:<\/p>\n\n\n\n<ol><li>brak kontroli, g\u0142owy i stabilizacji tu\u0142owia,<\/li><li>podwichni\u0119cia i zwichni\u0119cia staw\u00f3w biodrowych,<\/li><li>gwa\u0142towne, nie do opanowania ruchy mimowolne, <\/li><li>znaczne przykurcze w stawach biodrowych, kolanowych oraz samych st\u00f3p, co uniemo\u017cliwia dosiad,<\/li><li>sztywno\u015b\u0107 znacznie utrudniaj\u0105ca dosiad i zbyt du\u017ca spastyczno\u015b\u0107 mi\u0119\u015bni, kt\u00f3ra jest trudna do opanowania,<\/li><li>nasilanie si\u0119 przetrwa\u0142ych odruch\u00f3w ATOSu i STOSu, <\/li><li>nasilaj\u0105ce si\u0119 objawy neurologiczne,<\/li><li>wyst\u0119powanie wczesnych nast\u0119pstw takich jak: zawroty i b\u00f3le g\u0142owy, senno\u015b\u0107, zaburzenia \u015bwiadomo\u015bci i nast\u0119pstw p\u00f3\u017anych: padaczka pourazowa z cz\u0119stymi atakami<\/li><li>przepuklina oponowo rdzeniowa zlokalizowana w odcinku piersiowym, <\/li><li>wodog\u0142owie bez wszczepionej zastawki,<\/li><li>skolioza powy\u017cej 20<sup>o<\/sup>Cobba<\/li><li>stany ostre chor\u00f3b mi\u0119\u015bni, <\/li><li>rozpoznanie plec\u00f3w wkl\u0119s\u0142ych i p\u0142askich<\/li><li>skoliozy idiopatyczne i progresuj\u0105ce w spos\u00f3b dynamiczny<\/li><li>udary m\u00f3zgu o nieznanej etiologii<\/li><li>stany zapalne og\u00f3lnoustrojowe,<\/li><li>odklejanie siatk\u00f3wki oka,<\/li><li>stany po \u015bwie\u017cych z\u0142amaniach i operacjach<\/li><li>nietolerancja pacjenta na tego rodzaju form\u0119 terapii (niepohamowany l\u0119k przed koniem)<\/li><li>niestabilno\u015b\u0107 szczytowo \u2013 obrotowa,<\/li><li>choroba Perthesa w ka\u017cdej fazie<\/li><li>wrodzona \u0142amliwo\u015b\u0107 ko\u015bci<\/li><li>fazy zaostrzenia zaburze\u0144 psychicznych<\/li><li>hemofilia <\/li><li>cz\u0119sta sk\u0142onno\u015b\u0107 do dyskopatii w odcinku l\u0119d\u017awiowym<a href=\"#_ftn2\">[2]<\/a><\/li><\/ol>\n\n\n\n<hr class=\"wp-block-separator\"\/>\n\n\n\n<p>Bibliografia:<\/p>\n\n\n\n<p>Materia\u0142y zaczerpni\u0119te z Kanon\u00f3w Polskiej Hipoterapii, kt\u00f3re mo\u017cna znale\u017a\u0107 na stronie www.pthip.org.pl<\/p>\n","protected":false},"excerpt":{"rendered":"<p>Hipoterapia jako metoda wieloprofilowego usprawniania, dzi\u0119ki wielop\u0142aszczyznowym oddzia\u0142ywaniom konia na pacjenta pozwala uzyska\u0107 r\u00f3wnoczesn\u0105 popraw\u0119 wielu zaburzonych sfer funkcjonowania. Korzy\u015bci z hipoterapii mog\u0105 czerpa\u0107 osoby borykaj\u0105ce si\u0119 z r\u00f3\u017cnorodnymi zaburzeniami rozwoju i chorobami. Niemniej jednak istniej\u0105 pewne schorzenia, zaburzenia i stany chorobowe, kt\u00f3re nie pozwalaj\u0105 na stosowanie hipoterapii. Dlatego zgod\u0119 na prowadzenie terapii musi wyrazi\u0107 <a href=\"http:\/\/majadzieciom.pl\/?page_id=85\" rel=\"nofollow\"><span class=\"sr-only\">Read more about DLA KOGO HIPOTERAPIA?<\/span>[&hellip;]<\/a><\/p>\n","protected":false},"author":1,"featured_media":0,"parent":0,"menu_order":0,"comment_status":"closed","ping_status":"closed","template":"","meta":{"ngg_post_thumbnail":0},"_links":{"self":[{"href":"http:\/\/majadzieciom.pl\/index.php?rest_route=\/wp\/v2\/pages\/85"}],"collection":[{"href":"http:\/\/majadzieciom.pl\/index.php?rest_route=\/wp\/v2\/pages"}],"about":[{"href":"http:\/\/majadzieciom.pl\/index.php?rest_route=\/wp\/v2\/types\/page"}],"author":[{"embeddable":true,"href":"http:\/\/majadzieciom.pl\/index.php?rest_route=\/wp\/v2\/users\/1"}],"replies":[{"embeddable":true,"href":"http:\/\/majadzieciom.pl\/index.php?rest_route=%2Fwp%2Fv2%2Fcomments&post=85"}],"version-history":[{"count":4,"href":"http:\/\/majadzieciom.pl\/index.php?rest_route=\/wp\/v2\/pages\/85\/revisions"}],"predecessor-version":[{"id":749,"href":"http:\/\/majadzieciom.pl\/index.php?rest_route=\/wp\/v2\/pages\/85\/revisions\/749"}],"wp:attachment":[{"href":"http:\/\/majadzieciom.pl\/index.php?rest_route=%2Fwp%2Fv2%2Fmedia&parent=85"}],"curies":[{"name":"wp","href":"https:\/\/api.w.org\/{rel}","templated":true}]}}